{"id":994,"date":"2024-07-23T11:30:20","date_gmt":"2024-07-23T09:30:20","guid":{"rendered":"https:\/\/www.arecoobras.es\/?page_id=994"},"modified":"2024-07-23T11:32:32","modified_gmt":"2024-07-23T09:32:32","slug":"994-2","status":"publish","type":"page","link":"https:\/\/www.arecoobras.es\/?page_id=994","title":{"rendered":"ACCESIBILIDAD"},"content":{"rendered":"<p>Areco Obras y Edificaci\u00f3n S.A. se ha comprometido a hacer accesibles sus sitios web de conformidad con el <a href=\"https:\/\/www.boe.es\/buscar\/act.php?id=BOE-A-2018-12699\">Real Decreto 1112\/2018, de 7 de septiembre, sobre accesibilidad de los sitios web y aplicaciones para dispositivos m\u00f3viles del sector p\u00fablico<\/a>\u00a0.<\/p>\n<p><strong>SITUACI\u00d3N DE CUMPLIMIENTO<\/strong><\/p>\n<p>Este sitio web es\u00a0<strong>parcialmente conforme<\/strong>\u00a0con el\u00a0<a href=\"https:\/\/www.boe.es\/diario_boe\/txt.php?id=BOE-A-2018-12699\">RD 1112\/2018<\/a>\u00a0debido a las excepciones y a la falta de conformidad de los aspectos que se indican a continuaci\u00f3n\u00a0.<\/p>\n<p><strong>CONTENIDO NO ACCESIBLE<\/strong><\/p>\n<p>El contenido que se recoge a continuaci\u00f3n no es accesible por lo siguiente:<\/p>\n<ul>\n<li>Falta de conformidad con el RD 1112\/2018:\n<ul>\n<li>En el portal pueden existir contenidos en otros idiomas en los que no est\u00e1 etiquetado correctamente el cambio de idioma<\/li>\n<li>Los elementos multimedia solo audio no tienen alternativa<\/li>\n<li>Existen v\u00eddeos sin subt\u00edtulos<\/li>\n<li>Hay contenido textual sin un contraste suficiente<\/li>\n<li>Se observa como en algunos casos el foco no cumple con el m\u00ednimo ratio de contraste requerido<\/li>\n<li>En alg\u00fan caso puede producirse solapamiento de contenido<\/li>\n<li>Existen documentos PDF con problemas de accesibilidad<\/li>\n<\/ul>\n<\/li>\n<\/ul>\n<ul>\n<li>Carga desproporcionada:<\/li>\n<\/ul>\n<p>No aplica\u00a0.<\/p>\n<ul>\n<li>Contenido no entra dentro del \u00e1mbito de la legislaci\u00f3n aplicable:<\/li>\n<\/ul>\n<p>Pueden existir documentos en formato\u00a0PDF\u00a0publicados antes del 20 de septiembre de 2018 que no cumplan en su totalidad todos los requisitos de accesibilidad\u00a0.<\/p>\n<p><strong>PREPARACI\u00d3N DE LA PRESENTE DECLARACI\u00d3N DE ACCESIBILIDAD<\/strong><\/p>\n<p>La presente declaraci\u00f3n fue preparada el (FECHA )<\/p>\n<p>El m\u00e9todo empleado para la presente declaraci\u00f3n ha sido una autoevaluaci\u00f3n realizada por la propia empresa<\/p>\n<p>\u00daltima revisi\u00f3n de la declaraci\u00f3n: \u00a0(FECHA )<\/p>\n<p><strong>OBSERVACIONES Y DATOS DE CONTACTO<\/strong><\/p>\n<p><strong>Comunicaciones sobre requisitos de accesibilidad<\/strong><\/p>\n<p>Puede realizar\u00a0comunicaciones\u00a0sobre requisitos de accesibilidad (art\u00edculo 10.2.a del RD 1112\/2018) como, por ejemplo:<\/p>\n<ul>\n<li>informar sobre cualquier posible incumplimiento por parte de este sitio web<\/li>\n<li>transmitir otras\u00a0dificultades de acceso\u00a0al contenido<\/li>\n<li>formular cualquier otra\u00a0consulta o sugerencia de mejora\u00a0relativa a la accesibilidad del sitio web<\/li>\n<\/ul>\n<p>a trav\u00e9s del\u00a0 formulario de contacto<\/p>\n<p><strong>CONTENIDO OPCIONAL<\/strong><\/p>\n<p>El sitio web:<\/p>\n<ul>\n<li>se ha dise\u00f1ado adapt\u00e1ndose a los est\u00e1ndares y normativas vigentes en relaci\u00f3n a la accesibilidad, cumpliendo con los puntos de verificaci\u00f3n de prioridad 2 (AA) definidos en la especificaci\u00f3n de Pautas de Accesibilidad al Contenido en la Web (WCAG 2.1)<\/li>\n<li>est\u00e1 optimizado para las \u00faltimas versiones vigentes de Chrome, Edge, Firefox, Safari y Opera<\/li>\n<li>est\u00e1 dise\u00f1ado para su correcta visualizaci\u00f3n en cualquier resoluci\u00f3n y dispositivo de escritorio, tabletas o m\u00f3viles\u00a0(dise\u00f1o\u00a0<em>responsive<\/em>)<\/li>\n<li>se ha realizado utilizando HTML5 como lenguaje de marcado y hojas de estilo CSS 3 para su dise\u00f1o<\/li>\n<\/ul>\n<p>Adem\u00e1s, se realiza un trabajo continuo de auditor\u00eda y revisi\u00f3n de contenidos para facilitar su interpretaci\u00f3n y mejorar la navegaci\u00f3n por el portal web\u00a0.<\/p>\n","protected":false},"excerpt":{"rendered":"<p>Areco Obras y Edificaci\u00f3n S.A. se ha comprometido a hacer accesibles sus sitios web de conformidad con el Real Decreto 1112\/2018, de 7 de septiembre,&hellip;<\/p>\n","protected":false},"author":1,"featured_media":0,"parent":0,"menu_order":0,"comment_status":"closed","ping_status":"closed","template":"","meta":{"om_disable_all_campaigns":false,"_monsterinsights_skip_tracking":false,"_monsterinsights_sitenote_active":false,"_monsterinsights_sitenote_note":"","_monsterinsights_sitenote_category":0,"footnotes":""},"class_list":["post-994","page","type-page","status-publish","hentry"],"aioseo_notices":[],"_links":{"self":[{"href":"https:\/\/www.arecoobras.es\/index.php?rest_route=\/wp\/v2\/pages\/994","targetHints":{"allow":["GET"]}}],"collection":[{"href":"https:\/\/www.arecoobras.es\/index.php?rest_route=\/wp\/v2\/pages"}],"about":[{"href":"https:\/\/www.arecoobras.es\/index.php?rest_route=\/wp\/v2\/types\/page"}],"author":[{"embeddable":true,"href":"https:\/\/www.arecoobras.es\/index.php?rest_route=\/wp\/v2\/users\/1"}],"replies":[{"embeddable":true,"href":"https:\/\/www.arecoobras.es\/index.php?rest_route=%2Fwp%2Fv2%2Fcomments&post=994"}],"version-history":[{"count":0,"href":"https:\/\/www.arecoobras.es\/index.php?rest_route=\/wp\/v2\/pages\/994\/revisions"}],"wp:attachment":[{"href":"https:\/\/www.arecoobras.es\/index.php?rest_route=%2Fwp%2Fv2%2Fmedia&parent=994"}],"curies":[{"name":"wp","href":"https:\/\/api.w.org\/{rel}","templated":true}]}}